{"id":6623,"date":"2022-12-01T04:13:01","date_gmt":"2022-12-01T04:13:01","guid":{"rendered":"https:\/\/gesyco.ca\/?page_id=6623"},"modified":"2024-11-13T13:08:34","modified_gmt":"2024-11-13T13:08:34","slug":"services","status":"publish","type":"page","link":"https:\/\/gesyco.ca\/fr\/services\/","title":{"rendered":"Nos Services"},"content":{"rendered":"\t\t<div data-elementor-type=\"wp-page\" data-elementor-id=\"6623\" class=\"elementor elementor-6623 elementor-21\" data-elementor-post-type=\"page\">\n\t\t\t\t<div class=\"elementor-element elementor-element-a8bb519 e-flex e-con-boxed e-con e-parent\" data-id=\"a8bb519\" data-element_type=\"container\" data-settings=\"{&quot;background_background&quot;:&quot;classic&quot;}\">\n\t\t\t\t\t<div class=\"e-con-inner\">\n\t\t\t\t<div class=\"elementor-element elementor-element-a5a32f1 elementor-widget__width-initial elementor-widget elementor-widget-heading\" data-id=\"a5a32f1\" data-element_type=\"widget\" data-widget_type=\"heading.default\">\n\t\t\t\t<div class=\"elementor-widget-container\">\n\t\t\t<h1 class=\"elementor-heading-title elementor-size-default\">Ce que nous faisons<\/h1>\t\t<\/div>\n\t\t\t\t<\/div>\n\t\t\t\t<div class=\"elementor-element elementor-element-ec0915c elementor-widget__width-initial elementor-widget elementor-widget-text-editor\" data-id=\"ec0915c\" data-element_type=\"widget\" data-widget_type=\"text-editor.default\">\n\t\t\t\t<div class=\"elementor-widget-container\">\n\t\t\t\t\t\t\tNous comprenons les complexit\u00e9s et les d\u00e9fis auxquels sont  confront\u00e9s les syndicats et nous mettons en \u0153uvre des solutions adapt\u00e9es \u00e0 chaque situation.\t\t\t\t\t\t<\/div>\n\t\t\t\t<\/div>\n\t\t<div class=\"elementor-element elementor-element-bb9c2be e-con-full e-flex e-con e-child\" data-id=\"bb9c2be\" data-element_type=\"container\">\n\t\t<div class=\"elementor-element elementor-element-73eb052 e-con-full e-flex e-con e-child\" data-id=\"73eb052\" data-element_type=\"container\">\n\t\t\t\t<div class=\"elementor-element elementor-element-9d4e7dc elementor-widget elementor-widget-image\" data-id=\"9d4e7dc\" data-element_type=\"widget\" data-widget_type=\"image.default\">\n\t\t\t\t<div class=\"elementor-widget-container\">\n\t\t\t\t\t\t\t\t\t\t\t\t\t<img fetchpriority=\"high\" decoding=\"async\" width=\"700\" height=\"506\" src=\"https:\/\/gesyco.ca\/wp-content\/uploads\/2024\/11\/gesyco_0005_bigstock-Business-Meeting-Of-Real-Estat-229651999.webp\" class=\"attachment-full size-full wp-image-6286\" alt=\"\" srcset=\"https:\/\/gesyco.ca\/wp-content\/uploads\/2024\/11\/gesyco_0005_bigstock-Business-Meeting-Of-Real-Estat-229651999.webp 700w, https:\/\/gesyco.ca\/wp-content\/uploads\/2024\/11\/gesyco_0005_bigstock-Business-Meeting-Of-Real-Estat-229651999-300x217.webp 300w\" sizes=\"(max-width: 700px) 100vw, 700px\" \/>\t\t\t\t\t\t\t\t\t\t\t\t\t<\/div>\n\t\t\t\t<\/div>\n\t\t<div class=\"elementor-element elementor-element-389b4e9 e-con-full e-flex e-con e-child\" data-id=\"389b4e9\" data-element_type=\"container\" data-settings=\"{&quot;background_background&quot;:&quot;classic&quot;}\">\n\t\t\t\t<div class=\"elementor-element elementor-element-1e7d4cf elementor-widget elementor-widget-heading\" data-id=\"1e7d4cf\" data-element_type=\"widget\" data-widget_type=\"heading.default\">\n\t\t\t\t<div class=\"elementor-widget-container\">\n\t\t\t<h5 class=\"elementor-heading-title elementor-size-default\">Gestion financi\u00e8re<\/h5>\t\t<\/div>\n\t\t\t\t<\/div>\n\t\t\t\t<div class=\"elementor-element elementor-element-05cd15d elementor-widget elementor-widget-text-editor\" data-id=\"05cd15d\" data-element_type=\"widget\" data-widget_type=\"text-editor.default\">\n\t\t\t\t<div class=\"elementor-widget-container\">\n\t\t\t\t\t\t\tNous g\u00e9rons les aspects financiers de votre copropri\u00e9t\u00e9, y compris la collecte des frais de copropri\u00e9t\u00e9, la gestion du budget, la pr\u00e9paration des \u00e9tats financiers et la gestion des comptes bancaires. Nous assurons une transparence totale et fournissons des rapports financiers d\u00e9taill\u00e9s r\u00e9guli\u00e8rement.\t\t\t\t\t\t<\/div>\n\t\t\t\t<\/div>\n\t\t\t\t<\/div>\n\t\t\t\t<\/div>\n\t\t<div class=\"elementor-element elementor-element-a05e6c5 e-con-full e-flex e-con e-child\" data-id=\"a05e6c5\" data-element_type=\"container\">\n\t\t\t\t<div class=\"elementor-element elementor-element-1a49bfa elementor-widget elementor-widget-image\" data-id=\"1a49bfa\" data-element_type=\"widget\" data-widget_type=\"image.default\">\n\t\t\t\t<div class=\"elementor-widget-container\">\n\t\t\t\t\t\t\t\t\t\t\t\t\t<img decoding=\"async\" width=\"700\" height=\"506\" src=\"https:\/\/gesyco.ca\/wp-content\/uploads\/2024\/11\/gesyco_0004_14724a792c6a9b44566aaee791fb7fa2.webp\" class=\"attachment-full size-full wp-image-6290\" alt=\"\" srcset=\"https:\/\/gesyco.ca\/wp-content\/uploads\/2024\/11\/gesyco_0004_14724a792c6a9b44566aaee791fb7fa2.webp 700w, https:\/\/gesyco.ca\/wp-content\/uploads\/2024\/11\/gesyco_0004_14724a792c6a9b44566aaee791fb7fa2-300x217.webp 300w\" sizes=\"(max-width: 700px) 100vw, 700px\" \/>\t\t\t\t\t\t\t\t\t\t\t\t\t<\/div>\n\t\t\t\t<\/div>\n\t\t<div class=\"elementor-element elementor-element-38d8990 e-con-full e-flex e-con e-child\" data-id=\"38d8990\" data-element_type=\"container\" data-settings=\"{&quot;background_background&quot;:&quot;classic&quot;}\">\n\t\t\t\t<div class=\"elementor-element elementor-element-f53711a elementor-widget elementor-widget-heading\" data-id=\"f53711a\" data-element_type=\"widget\" data-widget_type=\"heading.default\">\n\t\t\t\t<div class=\"elementor-widget-container\">\n\t\t\t<h5 class=\"elementor-heading-title elementor-size-default\">Gestion Administrative<\/h5>\t\t<\/div>\n\t\t\t\t<\/div>\n\t\t\t\t<div class=\"elementor-element elementor-element-3104a5f elementor-widget elementor-widget-text-editor\" data-id=\"3104a5f\" data-element_type=\"widget\" data-widget_type=\"text-editor.default\">\n\t\t\t\t<div class=\"elementor-widget-container\">\n\t\t\t\t\t\t\tNous nous occupons de toutes les t\u00e2ches administratives li\u00e9es \u00e0 la copropri\u00e9t\u00e9, y compris la tenue des registres, la gestion des comptes, la facturation des frais de  copropri\u00e9t\u00e9, la r\u00e9daction des proc\u00e8s-verbaux des r\u00e9unions, etc. Nous veillons \u00e0 ce que tous les documents soient bien organis\u00e9s et accessibles \u00e0 tout moment.\t\t\t\t\t\t<\/div>\n\t\t\t\t<\/div>\n\t\t\t\t<\/div>\n\t\t\t\t<\/div>\n\t\t<div class=\"elementor-element elementor-element-f58071b e-con-full e-flex e-con e-child\" data-id=\"f58071b\" data-element_type=\"container\">\n\t\t\t\t<div class=\"elementor-element elementor-element-a966783 elementor-widget elementor-widget-image\" data-id=\"a966783\" data-element_type=\"widget\" data-widget_type=\"image.default\">\n\t\t\t\t<div class=\"elementor-widget-container\">\n\t\t\t\t\t\t\t\t\t\t\t\t\t<img decoding=\"async\" width=\"700\" height=\"506\" src=\"https:\/\/gesyco.ca\/wp-content\/uploads\/2024\/11\/gesyco_0003_construction-and-building-inspectors.webp\" class=\"attachment-full size-full wp-image-6288\" alt=\"\" srcset=\"https:\/\/gesyco.ca\/wp-content\/uploads\/2024\/11\/gesyco_0003_construction-and-building-inspectors.webp 700w, https:\/\/gesyco.ca\/wp-content\/uploads\/2024\/11\/gesyco_0003_construction-and-building-inspectors-300x217.webp 300w\" sizes=\"(max-width: 700px) 100vw, 700px\" \/>\t\t\t\t\t\t\t\t\t\t\t\t\t<\/div>\n\t\t\t\t<\/div>\n\t\t<div class=\"elementor-element elementor-element-d916190 e-con-full e-flex e-con e-child\" data-id=\"d916190\" data-element_type=\"container\" data-settings=\"{&quot;background_background&quot;:&quot;classic&quot;}\">\n\t\t\t\t<div class=\"elementor-element elementor-element-dad2e35 elementor-widget elementor-widget-heading\" data-id=\"dad2e35\" data-element_type=\"widget\" data-widget_type=\"heading.default\">\n\t\t\t\t<div class=\"elementor-widget-container\">\n\t\t\t<h5 class=\"elementor-heading-title elementor-size-default\">Gestion Op\u00e9rationnelle<\/h5>\t\t<\/div>\n\t\t\t\t<\/div>\n\t\t\t\t<div class=\"elementor-element elementor-element-e2ddc1c elementor-widget elementor-widget-text-editor\" data-id=\"e2ddc1c\" data-element_type=\"widget\" data-widget_type=\"text-editor.default\">\n\t\t\t\t<div class=\"elementor-widget-container\">\n\t\t\t\t\t\t\tNous coordonnons tous les travaux d\u2019entretien et de r\u00e9paration n\u00e9cessaires au bon fonctionnement de votre copropri\u00e9t\u00e9. De la maintenance des espaces communs \u00e0 la gestion des urgences, nous nous occupons de tout, en vous assurant que les travaux sont effectu\u00e9s de mani\u00e8re professionnelle et dans les d\u00e9lais impartis.\t\t\t\t\t\t<\/div>\n\t\t\t\t<\/div>\n\t\t\t\t<\/div>\n\t\t\t\t<\/div>\n\t\t\t\t<\/div>\n\t\t<div class=\"elementor-element elementor-element-a91541b e-con-full e-flex e-con e-child\" data-id=\"a91541b\" data-element_type=\"container\">\n\t\t<div class=\"elementor-element elementor-element-22f2124 e-con-full e-flex e-con e-child\" data-id=\"22f2124\" data-element_type=\"container\">\n\t\t\t\t<div class=\"elementor-element elementor-element-cd1db28 elementor-widget elementor-widget-image\" data-id=\"cd1db28\" data-element_type=\"widget\" data-widget_type=\"image.default\">\n\t\t\t\t<div class=\"elementor-widget-container\">\n\t\t\t\t\t\t\t\t\t\t\t\t\t<img loading=\"lazy\" decoding=\"async\" width=\"700\" height=\"506\" src=\"https:\/\/gesyco.ca\/wp-content\/uploads\/2024\/11\/gesyco_0000_Screen-Shot-2024-11-12-at-1.03.09-PM.webp\" class=\"attachment-full size-full wp-image-6282\" alt=\"\" srcset=\"https:\/\/gesyco.ca\/wp-content\/uploads\/2024\/11\/gesyco_0000_Screen-Shot-2024-11-12-at-1.03.09-PM.webp 700w, https:\/\/gesyco.ca\/wp-content\/uploads\/2024\/11\/gesyco_0000_Screen-Shot-2024-11-12-at-1.03.09-PM-300x217.webp 300w\" sizes=\"(max-width: 700px) 100vw, 700px\" \/>\t\t\t\t\t\t\t\t\t\t\t\t\t<\/div>\n\t\t\t\t<\/div>\n\t\t<div class=\"elementor-element elementor-element-3c284da e-con-full e-flex e-con e-child\" data-id=\"3c284da\" data-element_type=\"container\" data-settings=\"{&quot;background_background&quot;:&quot;classic&quot;}\">\n\t\t\t\t<div class=\"elementor-element elementor-element-15145fc elementor-widget elementor-widget-heading\" data-id=\"15145fc\" data-element_type=\"widget\" data-widget_type=\"heading.default\">\n\t\t\t\t<div class=\"elementor-widget-container\">\n\t\t\t<h5 class=\"elementor-heading-title elementor-size-default\">Communication et Transparence <\/h5>\t\t<\/div>\n\t\t\t\t<\/div>\n\t\t\t\t<div class=\"elementor-element elementor-element-5506f2f elementor-widget elementor-widget-text-editor\" data-id=\"5506f2f\" data-element_type=\"widget\" data-widget_type=\"text-editor.default\">\n\t\t\t\t<div class=\"elementor-widget-container\">\n\t\t\t\t\t\t\t<p>Communication r\u00e9guli\u00e8re et claire avec les copropri\u00e9taires.<br \/>Portail en ligne d\u00e9di\u00e9 pour un acc\u00e8s facile aux informations et documents.<br \/>Diffusion en temps opportun des mises \u00e0 jour et des annonces importantes.<\/p>\t\t\t\t\t\t<\/div>\n\t\t\t\t<\/div>\n\t\t\t\t<\/div>\n\t\t\t\t<\/div>\n\t\t<div class=\"elementor-element elementor-element-4224b40 e-con-full e-flex e-con e-child\" data-id=\"4224b40\" data-element_type=\"container\">\n\t\t\t\t<div class=\"elementor-element elementor-element-cd2f89b elementor-widget elementor-widget-image\" data-id=\"cd2f89b\" data-element_type=\"widget\" data-widget_type=\"image.default\">\n\t\t\t\t<div class=\"elementor-widget-container\">\n\t\t\t\t\t\t\t\t\t\t\t\t\t<img loading=\"lazy\" decoding=\"async\" width=\"700\" height=\"506\" src=\"https:\/\/gesyco.ca\/wp-content\/uploads\/2024\/11\/gesyco_0001_Legal-Expense-Insurance-Header-Photo.webp\" class=\"attachment-full size-full wp-image-6284\" alt=\"\" srcset=\"https:\/\/gesyco.ca\/wp-content\/uploads\/2024\/11\/gesyco_0001_Legal-Expense-Insurance-Header-Photo.webp 700w, https:\/\/gesyco.ca\/wp-content\/uploads\/2024\/11\/gesyco_0001_Legal-Expense-Insurance-Header-Photo-300x217.webp 300w\" sizes=\"(max-width: 700px) 100vw, 700px\" \/>\t\t\t\t\t\t\t\t\t\t\t\t\t<\/div>\n\t\t\t\t<\/div>\n\t\t<div class=\"elementor-element elementor-element-37d1777 e-con-full e-flex e-con e-child\" data-id=\"37d1777\" data-element_type=\"container\" data-settings=\"{&quot;background_background&quot;:&quot;classic&quot;}\">\n\t\t\t\t<div class=\"elementor-element elementor-element-6a66092 elementor-widget elementor-widget-heading\" data-id=\"6a66092\" data-element_type=\"widget\" data-widget_type=\"heading.default\">\n\t\t\t\t<div class=\"elementor-widget-container\">\n\t\t\t<h5 class=\"elementor-heading-title elementor-size-default\">Assistance Juridique et Assurance<\/h5>\t\t<\/div>\n\t\t\t\t<\/div>\n\t\t\t\t<div class=\"elementor-element elementor-element-4169b23 elementor-widget elementor-widget-text-editor\" data-id=\"4169b23\" data-element_type=\"widget\" data-widget_type=\"text-editor.default\">\n\t\t\t\t<div class=\"elementor-widget-container\">\n\t\t\t\t\t\t\tNous g\u00e9rons les contrats avec les fournisseurs de services tels que les entrepreneurs, les compagnies d\u2019entretien, les assureurs, etc. Nous nous assurons que tous les contrats sont conformes et respectent les normes de qualit\u00e9, et nous supervisons les prestataires de services pour garantir leur performance.\t\t\t\t\t\t<\/div>\n\t\t\t\t<\/div>\n\t\t\t\t<\/div>\n\t\t\t\t<\/div>\n\t\t<div class=\"elementor-element elementor-element-b03ad33 e-con-full e-flex e-con e-child\" data-id=\"b03ad33\" data-element_type=\"container\">\n\t\t\t\t<div class=\"elementor-element elementor-element-c507fe6 elementor-widget elementor-widget-image\" data-id=\"c507fe6\" data-element_type=\"widget\" data-widget_type=\"image.default\">\n\t\t\t\t<div class=\"elementor-widget-container\">\n\t\t\t\t\t\t\t\t\t\t\t\t\t<img loading=\"lazy\" decoding=\"async\" width=\"700\" height=\"506\" src=\"https:\/\/gesyco.ca\/wp-content\/uploads\/2024\/11\/gesyco_0002_customer-care-specialist-for-health-technology-company-61f6e8a9b3f2c.webp\" class=\"attachment-full size-full wp-image-6292\" alt=\"\" srcset=\"https:\/\/gesyco.ca\/wp-content\/uploads\/2024\/11\/gesyco_0002_customer-care-specialist-for-health-technology-company-61f6e8a9b3f2c.webp 700w, https:\/\/gesyco.ca\/wp-content\/uploads\/2024\/11\/gesyco_0002_customer-care-specialist-for-health-technology-company-61f6e8a9b3f2c-300x217.webp 300w\" sizes=\"(max-width: 700px) 100vw, 700px\" \/>\t\t\t\t\t\t\t\t\t\t\t\t\t<\/div>\n\t\t\t\t<\/div>\n\t\t<div class=\"elementor-element elementor-element-67de8e2 e-con-full e-flex e-con e-child\" data-id=\"67de8e2\" data-element_type=\"container\" data-settings=\"{&quot;background_background&quot;:&quot;classic&quot;}\">\n\t\t\t\t<div class=\"elementor-element elementor-element-c6a080c elementor-widget elementor-widget-heading\" data-id=\"c6a080c\" data-element_type=\"widget\" data-widget_type=\"heading.default\">\n\t\t\t\t<div class=\"elementor-widget-container\">\n\t\t\t<h5 class=\"elementor-heading-title elementor-size-default\">Service Clientele<\/h5>\t\t<\/div>\n\t\t\t\t<\/div>\n\t\t\t\t<div class=\"elementor-element elementor-element-f85eaeb elementor-widget elementor-widget-text-editor\" data-id=\"f85eaeb\" data-element_type=\"widget\" data-widget_type=\"text-editor.default\">\n\t\t\t\t<div class=\"elementor-widget-container\">\n\t\t\t\t\t\t\tNous sommes disponibles pour r\u00e9pondre \u00e0 toutes les questions et pr\u00e9occupations des propri\u00e9taires et des membres du conseil d\u2019administration. Notre \u00e9quipe est amicale, r\u00e9active et exp\u00e9riment\u00e9e, et nous nous engageons \u00e0 offrir un excellent service \u00e0 la.\n\n\t\t\t\t\t\t<\/div>\n\t\t\t\t<\/div>\n\t\t\t\t<\/div>\n\t\t\t\t<\/div>\n\t\t\t\t<\/div>\n\t\t\t\t\t<\/div>\n\t\t\t\t<\/div>\n\t\t<div class=\"elementor-element elementor-element-944158b e-con-full e-flex e-con e-parent\" data-id=\"944158b\" data-element_type=\"container\" data-settings=\"{&quot;background_background&quot;:&quot;classic&quot;}\">\n\t\t<div class=\"elementor-element elementor-element-a8842c8 e-flex e-con-boxed e-con e-child\" data-id=\"a8842c8\" data-element_type=\"container\">\n\t\t\t\t\t<div class=\"e-con-inner\">\n\t\t<div class=\"elementor-element elementor-element-3b44940 e-con-full e-flex e-con e-child\" data-id=\"3b44940\" data-element_type=\"container\">\n\t\t\t\t<div class=\"elementor-element elementor-element-9f233b6 elementor-widget__width-initial elementor-widget elementor-widget-heading\" data-id=\"9f233b6\" data-element_type=\"widget\" data-widget_type=\"heading.default\">\n\t\t\t\t<div class=\"elementor-widget-container\">\n\t\t\t<h1 class=\"elementor-heading-title elementor-size-default\">Pourquoi nous choisir?\n<\/h1>\t\t<\/div>\n\t\t\t\t<\/div>\n\t\t\t\t<div class=\"elementor-element elementor-element-88687fe elementor-widget elementor-widget-text-editor\" data-id=\"88687fe\" data-element_type=\"widget\" data-widget_type=\"text-editor.default\">\n\t\t\t\t<div class=\"elementor-widget-container\">\n\t\t\t\t\t\t\tExp\u00e9rience et expertise : Notre \u00e9quipe poss\u00e8de une vaste exp\u00e9rience dans la gestion des syndicats de copropri\u00e9t\u00e9. Nous comprenons les complexit\u00e9s et les d\u00e9fis auxquels sont  confront\u00e9s les syndicats et nous mettons en \u0153uvre des solutions adapt\u00e9es \u00e0 chaque situation.\t\t\t\t\t\t<\/div>\n\t\t\t\t<\/div>\n\t\t\t\t<div class=\"elementor-element elementor-element-20e850c elementor-position-left elementor-view-default elementor-mobile-position-top elementor-vertical-align-top elementor-widget elementor-widget-icon-box\" data-id=\"20e850c\" data-element_type=\"widget\" data-widget_type=\"icon-box.default\">\n\t\t\t\t<div class=\"elementor-widget-container\">\n\t\t\t\t\t<div class=\"elementor-icon-box-wrapper\">\n\n\t\t\t\t\t\t<div class=\"elementor-icon-box-icon\">\n\t\t\t\t<span  class=\"elementor-icon elementor-animation-\">\n\t\t\t\t<svg xmlns=\"http:\/\/www.w3.org\/2000\/svg\" id=\"e782a5ad-69f6-4dc1-a5d5-a205dc9aeb28\" data-name=\"Layer 1\" viewBox=\"0 0 467.8 600\"><defs><style>.ab838c83-cc38-4d8e-9e70-48f4a95649f3{fill:#c1a870;fill-rule:evenodd;}<\/style><\/defs><path class=\"ab838c83-cc38-4d8e-9e70-48f4a95649f3\" d=\"M360.4,0H0V600H225V550H50V50H339.6L400,110.4V350h50V89.6ZM350,225H100V175H350Zm0,100H100V275H350ZM225,425H100V375H225ZM326.9,585.6,467.8,442.5l-35.6-35L326.9,514.4l-59.1-60.1-35.6,35.1Z\"><\/path><\/svg>\t\t\t\t<\/span>\n\t\t\t<\/div>\n\t\t\t\n\t\t\t\t\t\t<div class=\"elementor-icon-box-content\">\n\n\t\t\t\t\t\t\t\t\t<h6 class=\"elementor-icon-box-title\">\n\t\t\t\t\t\t<span  >\n\t\t\t\t\t\t\tTransparence\t\t\t\t\t\t<\/span>\n\t\t\t\t\t<\/h6>\n\t\t\t\t\n\t\t\t\t\t\t\t\t\t<p class=\"elementor-icon-box-description\">\n\t\t\t\t\t\tNous croyons en une gestion transparente et responsable. Nous fournissons des rapports d\u00e9taill\u00e9s, des  comptes rendus de r\u00e9unions et une communication claire pour vous tenir inform\u00e9 de tous les aspects de la gestion de votre copropri\u00e9t\u00e9.\t\t\t\t\t<\/p>\n\t\t\t\t\n\t\t\t<\/div>\n\t\t\t\n\t\t<\/div>\n\t\t\t\t<\/div>\n\t\t\t\t<\/div>\n\t\t\t\t<div class=\"elementor-element elementor-element-02ea763 elementor-position-left elementor-view-default elementor-mobile-position-top elementor-vertical-align-top elementor-widget elementor-widget-icon-box\" data-id=\"02ea763\" data-element_type=\"widget\" data-widget_type=\"icon-box.default\">\n\t\t\t\t<div class=\"elementor-widget-container\">\n\t\t\t\t\t<div class=\"elementor-icon-box-wrapper\">\n\n\t\t\t\t\t\t<div class=\"elementor-icon-box-icon\">\n\t\t\t\t<span  class=\"elementor-icon elementor-animation-\">\n\t\t\t\t<svg xmlns=\"http:\/\/www.w3.org\/2000\/svg\" id=\"a6fc8657-4e3c-45bb-b99f-aa83209c6dbf\" data-name=\"Layer 1\" viewBox=\"0 0 658.5 600\"><defs><style>.f3f9cfe9-e489-44f3-9e02-c44700532d97{fill:#c1a870;}<\/style><\/defs><path class=\"f3f9cfe9-e489-44f3-9e02-c44700532d97\" d=\"M77.2,188.7H75.1a29.8,29.8,0,0,1-20.9-10.9L0,110.8,45.9,73.6,80.2,116,204.5,0l40.3,43.2L97.3,180.8A29.6,29.6,0,0,1,77.2,188.7Z\"><\/path><path class=\"f3f9cfe9-e489-44f3-9e02-c44700532d97\" d=\"M77.2,394.4H75.1a29.8,29.8,0,0,1-20.9-10.9L0,316.4l45.9-37.1,34.3,42.4L204.5,205.6l40.3,43.2L97.3,386.4A29.2,29.2,0,0,1,77.2,394.4Z\"><\/path><path class=\"f3f9cfe9-e489-44f3-9e02-c44700532d97\" d=\"M77.2,600H75.1a29.7,29.7,0,0,1-20.9-10.8L0,522l45.9-37.1,34.3,42.4,124.3-116,40.3,43.1L97.3,592.1A29.4,29.4,0,0,1,77.2,600Z\"><\/path><rect class=\"f3f9cfe9-e489-44f3-9e02-c44700532d97\" x=\"305.8\" y=\"482.2\" width=\"352.8\" height=\"59.04\"><\/rect><rect class=\"f3f9cfe9-e489-44f3-9e02-c44700532d97\" x=\"305.8\" y=\"276.6\" width=\"352.8\" height=\"59.04\"><\/rect><rect class=\"f3f9cfe9-e489-44f3-9e02-c44700532d97\" x=\"305.8\" y=\"71\" width=\"352.8\" height=\"59.04\"><\/rect><\/svg>\t\t\t\t<\/span>\n\t\t\t<\/div>\n\t\t\t\n\t\t\t\t\t\t<div class=\"elementor-icon-box-content\">\n\n\t\t\t\t\t\t\t\t\t<h6 class=\"elementor-icon-box-title\">\n\t\t\t\t\t\t<span  >\n\t\t\t\t\t\t\tTechnologie avanc\u00e9e\t\t\t\t\t\t<\/span>\n\t\t\t\t\t<\/h6>\n\t\t\t\t\n\t\t\t\t\t\t\t\t\t<p class=\"elementor-icon-box-description\">\n\t\t\t\t\t\tNous utilisons des outils et des logiciels de gestion modernes pour faciliter la communication, le suivi des t\u00e2ches et la gestion des documents. Cela garantit une gestion efficace et une collaboration transparente.\t\t\t\t\t<\/p>\n\t\t\t\t\n\t\t\t<\/div>\n\t\t\t\n\t\t<\/div>\n\t\t\t\t<\/div>\n\t\t\t\t<\/div>\n\t\t\t\t<\/div>\n\t\t<div class=\"elementor-element elementor-element-234e6b1 e-con-full e-flex e-con e-child\" data-id=\"234e6b1\" data-element_type=\"container\">\n\t\t\t\t<div class=\"elementor-element elementor-element-f033b91 elementor-widget elementor-widget-image\" data-id=\"f033b91\" data-element_type=\"widget\" data-widget_type=\"image.default\">\n\t\t\t\t<div class=\"elementor-widget-container\">\n\t\t\t\t\t\t\t\t\t\t\t\t\t<img loading=\"lazy\" decoding=\"async\" width=\"725\" height=\"533\" src=\"https:\/\/gesyco.ca\/wp-content\/uploads\/2024\/11\/324325235.webp\" class=\"attachment-large size-large wp-image-6307\" alt=\"\" srcset=\"https:\/\/gesyco.ca\/wp-content\/uploads\/2024\/11\/324325235.webp 725w, https:\/\/gesyco.ca\/wp-content\/uploads\/2024\/11\/324325235-300x221.webp 300w\" sizes=\"(max-width: 725px) 100vw, 725px\" \/>\t\t\t\t\t\t\t\t\t\t\t\t\t<\/div>\n\t\t\t\t<\/div>\n\t\t\t\t<div class=\"elementor-element elementor-element-552205b elementor-position-left elementor-vertical-align-middle elementor-absolute elementor-mobile-position-left elementor-vertical-align-middle elementor-view-default elementor-widget elementor-widget-icon-box\" data-id=\"552205b\" data-element_type=\"widget\" data-settings=\"{&quot;_position&quot;:&quot;absolute&quot;}\" data-widget_type=\"icon-box.default\">\n\t\t\t\t<div class=\"elementor-widget-container\">\n\t\t\t\t\t<div class=\"elementor-icon-box-wrapper\">\n\n\t\t\t\t\t\t<div class=\"elementor-icon-box-icon\">\n\t\t\t\t<span  class=\"elementor-icon elementor-animation-\">\n\t\t\t\t<svg xmlns=\"http:\/\/www.w3.org\/2000\/svg\" id=\"f67dee76-93af-4b3a-bd64-0545814b88e0\" data-name=\"Layer 1\" viewBox=\"0 0 800 800\"><defs><style>.f37c1398-776a-4bc5-b987-9910b823eaf4{fill:#c1a870;}<\/style><\/defs><path class=\"f37c1398-776a-4bc5-b987-9910b823eaf4\" d=\"M761.3,438.7a40.6,40.6,0,0,0-14.4,2.8,38.7,38.7,0,0,0-37.2-28.6,38.1,38.1,0,0,0-14.4,2.8,38.7,38.7,0,0,0-37.2-28.6,36.5,36.5,0,0,0-12.9,2.4V369.6a167.3,167.3,0,0,0,95-263.9l30.5-32.3L751.9,55.7,723.1,86.2A167.1,167.1,0,0,0,606.5,38.7C514,38.7,438.7,114,438.7,206.5a167.1,167.1,0,0,0,129,163.1V601a18.5,18.5,0,0,1-4.8-9.3l-17-93.5a41,41,0,0,0-81.4,7.3v8.3a37.9,37.9,0,0,0,.6,6.7l23.2,139.3a64.6,64.6,0,0,0,13.2,29.7l31.9,39.9a38.8,38.8,0,0,1,8.5,24.2V800H748.4V753.6a38.6,38.6,0,0,1,8.5-24.2l29-36.3A64.5,64.5,0,0,0,800,652.9V477.4A38.8,38.8,0,0,0,761.3,438.7ZM464.5,206.5c0-78.3,63.7-142,142-142a141.3,141.3,0,0,1,99,40.5L554.6,265.3,525.3,236,507,254.3l48.1,48.1L722.3,124.7A141.7,141.7,0,0,1,645.2,343V322.6a38.8,38.8,0,0,0-77.5,0V343A141.4,141.4,0,0,1,464.5,206.5ZM774.2,652.9a39,39,0,0,1-8.5,24.2l-29,36.2a64.8,64.8,0,0,0-14.1,40.3v20.6H567.7V753.6a64.8,64.8,0,0,0-14.1-40.3l-31.9-39.9a39,39,0,0,1-8-17.8L490.5,516.3a21.1,21.1,0,0,1-.2-2.5v-8.3a15.2,15.2,0,0,1,30.2-2.7l17,93.5a43.8,43.8,0,0,0,43.1,36h12.9V322.6a13,13,0,0,1,25.9,0V529h25.8V425.8a12.9,12.9,0,1,1,25.8,0V529h25.8V451.6a12.9,12.9,0,1,1,25.8,0V529h25.8V477.4a12.9,12.9,0,0,1,25.8,0Z\"><\/path><path class=\"f37c1398-776a-4bc5-b987-9910b823eaf4\" d=\"M322.6,0H90.3A90.4,90.4,0,0,0,0,90.3V709.7A90.4,90.4,0,0,0,90.3,800H322.6a90.4,90.4,0,0,0,90.3-90.3V90.3A90.4,90.4,0,0,0,322.6,0Zm64.5,709.7a64.5,64.5,0,0,1-64.5,64.5H90.3a64.5,64.5,0,0,1-64.5-64.5V90.3A64.5,64.5,0,0,1,90.3,25.8H322.6a64.5,64.5,0,0,1,64.5,64.5Z\"><\/path><path class=\"f37c1398-776a-4bc5-b987-9910b823eaf4\" d=\"M206.5,280.9,166,361.6l-90.8,13L141,437.7l-15.5,89,81-42,80.9,42-15.5-89,65.8-63.1-90.8-13Zm37.7,147.7,8.9,51.2-46.6-24.2-46.7,24.2,8.9-51.2-37.5-36,51.9-7.4,23.4-46.7,23.3,46.7,51.9,7.4Z\"><\/path><path class=\"f37c1398-776a-4bc5-b987-9910b823eaf4\" d=\"M206.5,526.2l-36.4,72L87.9,609.9l59.5,56.6-14,79.4,73.1-37.5,73,37.5-14-79.4L325,609.9l-82.2-11.7Zm31.2,131.1,7.4,41.9-38.6-19.8-38.7,19.9,7.4-42-30.9-29.4,42.7-6,19.5-38.5,19.4,38.5,42.7,6Z\"><\/path><path class=\"f37c1398-776a-4bc5-b987-9910b823eaf4\" d=\"M133.4,268.5,206.5,231l73,37.5-14-79.5L325,132.5l-82.2-11.7-36.3-72-36.4,72L87.9,132.5,147.4,189Zm10.9-118,42.7-6L206.5,106l19.4,38.5,42.7,6-30.9,29.4,7.4,41.9L206.5,202l-38.7,19.8,7.4-41.9Z\"><\/path><\/svg>\t\t\t\t<\/span>\n\t\t\t<\/div>\n\t\t\t\n\t\t\t\t\t\t<div class=\"elementor-icon-box-content\">\n\n\t\t\t\t\t\t\t\t\t<h6 class=\"elementor-icon-box-title\">\n\t\t\t\t\t\t<span  >\n\t\t\t\t\t\t\t95%\t\t\t\t\t\t<\/span>\n\t\t\t\t\t<\/h6>\n\t\t\t\t\n\t\t\t\t\t\t\t\t\t<p class=\"elementor-icon-box-description\">\n\t\t\t\t\t\tSatisfaction des clients\t\t\t\t\t<\/p>\n\t\t\t\t\n\t\t\t<\/div>\n\t\t\t\n\t\t<\/div>\n\t\t\t\t<\/div>\n\t\t\t\t<\/div>\n\t\t\t\t<\/div>\n\t\t\t\t\t<\/div>\n\t\t\t\t<\/div>\n\t\t\t\t<\/div>\n\t\t\t\t<\/div>\n\t\t","protected":false},"excerpt":{"rendered":"<p>Ce que nous faisons Nous comprenons les complexit\u00e9s et les d\u00e9fis auxquels sont confront\u00e9s les syndicats et nous mettons en \u0153uvre des solutions adapt\u00e9es \u00e0 chaque situation. Gestion financi\u00e8re Nous g\u00e9rons les aspects financiers de votre copropri\u00e9t\u00e9, y compris la collecte des frais de copropri\u00e9t\u00e9, la gestion du budget, la pr\u00e9paration des \u00e9tats financiers et [&hellip;]<\/p>\n","protected":false},"author":1,"featured_media":0,"parent":0,"menu_order":0,"comment_status":"closed","ping_status":"closed","template":"elementor_header_footer","meta":{"footnotes":""},"class_list":["post-6623","page","type-page","status-publish","hentry"],"_links":{"self":[{"href":"https:\/\/gesyco.ca\/fr\/wp-json\/wp\/v2\/pages\/6623","targetHints":{"allow":["GET"]}}],"collection":[{"href":"https:\/\/gesyco.ca\/fr\/wp-json\/wp\/v2\/pages"}],"about":[{"href":"https:\/\/gesyco.ca\/fr\/wp-json\/wp\/v2\/types\/page"}],"author":[{"embeddable":true,"href":"https:\/\/gesyco.ca\/fr\/wp-json\/wp\/v2\/users\/1"}],"replies":[{"embeddable":true,"href":"https:\/\/gesyco.ca\/fr\/wp-json\/wp\/v2\/comments?post=6623"}],"version-history":[{"count":10,"href":"https:\/\/gesyco.ca\/fr\/wp-json\/wp\/v2\/pages\/6623\/revisions"}],"predecessor-version":[{"id":6633,"href":"https:\/\/gesyco.ca\/fr\/wp-json\/wp\/v2\/pages\/6623\/revisions\/6633"}],"wp:attachment":[{"href":"https:\/\/gesyco.ca\/fr\/wp-json\/wp\/v2\/media?parent=6623"}],"curies":[{"name":"wp","href":"https:\/\/api.w.org\/{rel}","templated":true}]}}