{"id":6606,"date":"2022-12-01T04:10:56","date_gmt":"2022-12-01T04:10:56","guid":{"rendered":"https:\/\/gesyco.ca\/?page_id=6606"},"modified":"2024-11-13T13:09:23","modified_gmt":"2024-11-13T13:09:23","slug":"about-us","status":"publish","type":"page","link":"https:\/\/gesyco.ca\/fr\/about-us\/","title":{"rendered":"\u00c0 propos de nous"},"content":{"rendered":"\t\t<div data-elementor-type=\"wp-page\" data-elementor-id=\"6606\" class=\"elementor elementor-6606 elementor-19\" data-elementor-post-type=\"page\">\n\t\t\t\t<div class=\"elementor-element elementor-element-b95df92 e-flex e-con-boxed e-con e-parent\" data-id=\"b95df92\" data-element_type=\"container\" data-settings=\"{&quot;background_background&quot;:&quot;classic&quot;}\">\n\t\t\t\t\t<div class=\"e-con-inner\">\n\t\t<div class=\"elementor-element elementor-element-d18252e e-con-full e-flex e-con e-child\" data-id=\"d18252e\" data-element_type=\"container\">\n\t\t\t\t<div class=\"elementor-element elementor-element-7d7b1c2 elementor-widget elementor-widget-image\" data-id=\"7d7b1c2\" data-element_type=\"widget\" data-widget_type=\"image.default\">\n\t\t\t\t<div class=\"elementor-widget-container\">\n\t\t\t\t\t\t\t\t\t\t\t\t\t<img fetchpriority=\"high\" decoding=\"async\" width=\"1200\" height=\"600\" src=\"https:\/\/gesyco.ca\/wp-content\/uploads\/2024\/11\/4354646-1.webp\" class=\"attachment-full size-full wp-image-6486\" alt=\"\" srcset=\"https:\/\/gesyco.ca\/wp-content\/uploads\/2024\/11\/4354646-1.webp 1200w, https:\/\/gesyco.ca\/wp-content\/uploads\/2024\/11\/4354646-1-300x150.webp 300w, https:\/\/gesyco.ca\/wp-content\/uploads\/2024\/11\/4354646-1-1024x512.webp 1024w, https:\/\/gesyco.ca\/wp-content\/uploads\/2024\/11\/4354646-1-768x384.webp 768w\" sizes=\"(max-width: 1200px) 100vw, 1200px\" \/>\t\t\t\t\t\t\t\t\t\t\t\t\t<\/div>\n\t\t\t\t<\/div>\n\t\t\t\t<\/div>\n\t\t<div class=\"elementor-element elementor-element-b439c23 e-con-full e-flex e-con e-child\" data-id=\"b439c23\" data-element_type=\"container\">\n\t\t\t\t<div class=\"elementor-element elementor-element-e1e43e5 elementor-widget__width-initial elementor-widget elementor-widget-heading\" data-id=\"e1e43e5\" data-element_type=\"widget\" data-widget_type=\"heading.default\">\n\t\t\t\t<div class=\"elementor-widget-container\">\n\t\t\t<h1 class=\"elementor-heading-title elementor-size-default\">Qui nous sommes\u00a0!<\/h1>\t\t<\/div>\n\t\t\t\t<\/div>\n\t\t\t\t<div class=\"elementor-element elementor-element-0816a2b elementor-widget elementor-widget-text-editor\" data-id=\"0816a2b\" data-element_type=\"widget\" data-widget_type=\"text-editor.default\">\n\t\t\t\t<div class=\"elementor-widget-container\">\n\t\t\t\t\t\t\tChez GESYCO, notre seul soucis et de faire un travail de gestion exceptionnels pour les syndicats de copropri\u00e9t\u00e9. Nous comprenons les d\u00e9fis et les complexit\u00e9s uniques li\u00e9s \u00e0 la gestion de propri\u00e9t\u00e9s en copropri\u00e9t\u00e9, et nous nous engageons \u00e0 fournir des solutions sur mesure qui r\u00e9pondent aux besoins sp\u00e9cifiques de chaque client.\t\t\t\t\t\t<\/div>\n\t\t\t\t<\/div>\n\t\t\t\t<div class=\"elementor-element elementor-element-234fd7d elementor-widget elementor-widget-text-editor\" data-id=\"234fd7d\" data-element_type=\"widget\" data-widget_type=\"text-editor.default\">\n\t\t\t\t<div class=\"elementor-widget-container\">\n\t\t\t\t\t\t\tNotre \u00e9quipe est compos\u00e9e de professionnels exp\u00e9riment\u00e9s qui connaissent bien tous les aspects de la gestion de copropri\u00e9t\u00e9. Nous sommes fiers de notre souci du d\u00e9tail, de notre transparence et de notre approche centr\u00e9e sur le client. Notre objectif est d\u2019all\u00e9ger les charges administratives li\u00e9es \u00e0 la copropri\u00e9t\u00e9, vous permettant ainsi de vous concentrer sur la jouissance de votre bien.\t\t\t\t\t\t<\/div>\n\t\t\t\t<\/div>\n\t\t<div class=\"elementor-element elementor-element-a476269 e-con-full e-flex e-con e-child\" data-id=\"a476269\" data-element_type=\"container\">\n\t\t\t\t<div class=\"elementor-element elementor-element-d8940e1 elementor-view-stacked elementor-position-left elementor-mobile-position-left elementor-shape-circle elementor-vertical-align-top elementor-widget elementor-widget-icon-box\" data-id=\"d8940e1\" data-element_type=\"widget\" data-widget_type=\"icon-box.default\">\n\t\t\t\t<div class=\"elementor-widget-container\">\n\t\t\t\t\t<div class=\"elementor-icon-box-wrapper\">\n\n\t\t\t\t\t\t<div class=\"elementor-icon-box-icon\">\n\t\t\t\t<span  class=\"elementor-icon elementor-animation-\">\n\t\t\t\t<i aria-hidden=\"true\" class=\"far fa-question-circle\"><\/i>\t\t\t\t<\/span>\n\t\t\t<\/div>\n\t\t\t\n\t\t\t\t\t\t<div class=\"elementor-icon-box-content\">\n\n\t\t\t\t\t\t\t\t\t<h6 class=\"elementor-icon-box-title\">\n\t\t\t\t\t\t<span  >\n\t\t\t\t\t\t\tPour plus d'informations\t\t\t\t\t\t<\/span>\n\t\t\t\t\t<\/h6>\n\t\t\t\t\n\t\t\t\t\t\t\t\t\t<p class=\"elementor-icon-box-description\">\n\t\t\t\t\t\tinfo@gesyco.ca | 1-800-350-7090\t\t\t\t\t<\/p>\n\t\t\t\t\n\t\t\t<\/div>\n\t\t\t\n\t\t<\/div>\n\t\t\t\t<\/div>\n\t\t\t\t<\/div>\n\t\t\t\t<\/div>\n\t\t\t\t<\/div>\n\t\t\t\t\t<\/div>\n\t\t\t\t<\/div>\n\t\t<div class=\"elementor-element elementor-element-8f7d14c e-flex e-con-boxed e-con e-parent\" data-id=\"8f7d14c\" data-element_type=\"container\">\n\t\t\t\t\t<div class=\"e-con-inner\">\n\t\t<div class=\"elementor-element elementor-element-142a897 e-flex e-con-boxed e-con e-child\" data-id=\"142a897\" data-element_type=\"container\" data-settings=\"{&quot;background_background&quot;:&quot;classic&quot;}\">\n\t\t\t\t\t<div class=\"e-con-inner\">\n\t\t\t\t<div class=\"elementor-element elementor-element-99586e0 elementor-widget__width-initial elementor-widget elementor-widget-heading\" data-id=\"99586e0\" data-element_type=\"widget\" data-widget_type=\"heading.default\">\n\t\t\t\t<div class=\"elementor-widget-container\">\n\t\t\t<h2 class=\"elementor-heading-title elementor-size-default\">Nous maximisons votre\nValeur de la propri\u00e9t\u00e9<\/h2>\t\t<\/div>\n\t\t\t\t<\/div>\n\t\t\t\t<div class=\"elementor-element elementor-element-fa4a6ee elementor-widget elementor-widget-text-editor\" data-id=\"fa4a6ee\" data-element_type=\"widget\" data-widget_type=\"text-editor.default\">\n\t\t\t\t<div class=\"elementor-widget-container\">\n\t\t\t\t\t\t\tNous offrons une gamme compl\u00e8te de services pour assurer une gestion active et efficace de votre syndicat de copropri\u00e9t\u00e9.\t\t\t\t\t\t<\/div>\n\t\t\t\t<\/div>\n\t\t\t\t<div class=\"elementor-element elementor-element-1418dae elementor-widget__width-auto elementor-align-center elementor-widget elementor-widget-button\" data-id=\"1418dae\" data-element_type=\"widget\" data-widget_type=\"button.default\">\n\t\t\t\t<div class=\"elementor-widget-container\">\n\t\t\t\t\t\t\t<div class=\"elementor-button-wrapper\">\n\t\t\t\t\t<a class=\"elementor-button elementor-button-link elementor-size-md\" href=\"\/fr\/contact\">\n\t\t\t\t\t\t<span class=\"elementor-button-content-wrapper\">\n\t\t\t\t\t\t\t\t\t<span class=\"elementor-button-text\">Contactez-nous<\/span>\n\t\t\t\t\t<\/span>\n\t\t\t\t\t<\/a>\n\t\t\t\t<\/div>\n\t\t\t\t\t\t<\/div>\n\t\t\t\t<\/div>\n\t\t\t\t\t<\/div>\n\t\t\t\t<\/div>\n\t\t\t\t\t<\/div>\n\t\t\t\t<\/div>\n\t\t<div class=\"elementor-element elementor-element-5a6d5e8 e-flex e-con-boxed e-con e-parent\" data-id=\"5a6d5e8\" data-element_type=\"container\" data-settings=\"{&quot;background_background&quot;:&quot;classic&quot;}\">\n\t\t\t\t\t<div class=\"e-con-inner\">\n\t\t<div class=\"elementor-element elementor-element-9844ad9 e-con-full e-flex e-con e-child\" data-id=\"9844ad9\" data-element_type=\"container\">\n\t\t\t\t<div class=\"elementor-element elementor-element-6cf29d5 elementor-widget elementor-widget-image\" data-id=\"6cf29d5\" data-element_type=\"widget\" data-widget_type=\"image.default\">\n\t\t\t\t<div class=\"elementor-widget-container\">\n\t\t\t\t\t\t\t\t\t\t\t\t\t<img decoding=\"async\" width=\"750\" height=\"500\" src=\"https:\/\/gesyco.ca\/wp-content\/uploads\/2024\/11\/5345356-1.webp\" class=\"attachment-large size-large wp-image-6493\" alt=\"\" srcset=\"https:\/\/gesyco.ca\/wp-content\/uploads\/2024\/11\/5345356-1.webp 750w, https:\/\/gesyco.ca\/wp-content\/uploads\/2024\/11\/5345356-1-300x200.webp 300w\" sizes=\"(max-width: 750px) 100vw, 750px\" \/>\t\t\t\t\t\t\t\t\t\t\t\t\t<\/div>\n\t\t\t\t<\/div>\n\t\t<div class=\"elementor-element elementor-element-1bef19d e-con-full e-flex e-con e-child\" data-id=\"1bef19d\" data-element_type=\"container\">\n\t\t\t\t<div class=\"elementor-element elementor-element-1f8e42d elementor-widget elementor-widget-heading\" data-id=\"1f8e42d\" data-element_type=\"widget\" data-widget_type=\"heading.default\">\n\t\t\t\t<div class=\"elementor-widget-container\">\n\t\t\t<h1 class=\"elementor-heading-title elementor-size-default\">Nous g\u00e9rons tout pour vous<\/h1>\t\t<\/div>\n\t\t\t\t<\/div>\n\t\t\t\t<div class=\"elementor-element elementor-element-ec4b31d elementor-widget elementor-widget-text-editor\" data-id=\"ec4b31d\" data-element_type=\"widget\" data-widget_type=\"text-editor.default\">\n\t\t\t\t<div class=\"elementor-widget-container\">\n\t\t\t\t\t\t\tChez GESYCO, notre seul soucis et de faire un travail de gestion exceptionnels pour les syndicats de copropri\u00e9t\u00e9.\t\t\t\t\t\t<\/div>\n\t\t\t\t<\/div>\n\t\t\t\t<\/div>\n\t\t\t\t<\/div>\n\t\t<div class=\"elementor-element elementor-element-07678fe e-con-full e-flex e-con e-child\" data-id=\"07678fe\" data-element_type=\"container\">\n\t\t\t\t<div class=\"elementor-element elementor-element-fbc43c2 elementor-widget elementor-widget-image\" data-id=\"fbc43c2\" data-element_type=\"widget\" data-widget_type=\"image.default\">\n\t\t\t\t<div class=\"elementor-widget-container\">\n\t\t\t\t\t\t\t\t\t\t\t\t\t<img decoding=\"async\" width=\"750\" height=\"500\" src=\"https:\/\/gesyco.ca\/wp-content\/uploads\/2024\/11\/2345345345-1.webp\" class=\"attachment-large size-large wp-image-6495\" alt=\"\" srcset=\"https:\/\/gesyco.ca\/wp-content\/uploads\/2024\/11\/2345345345-1.webp 750w, https:\/\/gesyco.ca\/wp-content\/uploads\/2024\/11\/2345345345-1-300x200.webp 300w\" sizes=\"(max-width: 750px) 100vw, 750px\" \/>\t\t\t\t\t\t\t\t\t\t\t\t\t<\/div>\n\t\t\t\t<\/div>\n\t\t<div class=\"elementor-element elementor-element-4276917 e-con-full e-flex e-con e-child\" data-id=\"4276917\" data-element_type=\"container\">\n\t\t\t\t<div class=\"elementor-element elementor-element-7dcaad8 elementor-widget elementor-widget-heading\" data-id=\"7dcaad8\" data-element_type=\"widget\" data-widget_type=\"heading.default\">\n\t\t\t\t<div class=\"elementor-widget-container\">\n\t\t\t<h1 class=\"elementor-heading-title elementor-size-default\">Entretien et R\u00e9paration\n<\/h1>\t\t<\/div>\n\t\t\t\t<\/div>\n\t\t\t\t<div class=\"elementor-element elementor-element-99aa3b4 elementor-widget elementor-widget-text-editor\" data-id=\"99aa3b4\" data-element_type=\"widget\" data-widget_type=\"text-editor.default\">\n\t\t\t\t<div class=\"elementor-widget-container\">\n\t\t\t\t\t\t\tInspections r\u00e9guli\u00e8res de la propri\u00e9t\u00e9 Coordination des activit\u00e9s d\u2019entretien de routine Gestion des r\u00e9parations et des r\u00e9novations.\t\t\t\t\t\t<\/div>\n\t\t\t\t<\/div>\n\t\t\t\t<\/div>\n\t\t\t\t<\/div>\n\t\t\t\t\t<\/div>\n\t\t\t\t<\/div>\n\t\t\t\t<\/div>\n\t\t","protected":false},"excerpt":{"rendered":"<p>Qui nous sommes\u00a0! Chez GESYCO, notre seul soucis et de faire un travail de gestion exceptionnels pour les syndicats de copropri\u00e9t\u00e9. Nous comprenons les d\u00e9fis et les complexit\u00e9s uniques li\u00e9s \u00e0 la gestion de propri\u00e9t\u00e9s en copropri\u00e9t\u00e9, et nous nous engageons \u00e0 fournir des solutions sur mesure qui r\u00e9pondent aux besoins sp\u00e9cifiques de chaque client.Notre [&hellip;]<\/p>\n","protected":false},"author":1,"featured_media":0,"parent":0,"menu_order":0,"comment_status":"closed","ping_status":"closed","template":"elementor_header_footer","meta":{"footnotes":""},"class_list":["post-6606","page","type-page","status-publish","hentry"],"_links":{"self":[{"href":"https:\/\/gesyco.ca\/fr\/wp-json\/wp\/v2\/pages\/6606","targetHints":{"allow":["GET"]}}],"collection":[{"href":"https:\/\/gesyco.ca\/fr\/wp-json\/wp\/v2\/pages"}],"about":[{"href":"https:\/\/gesyco.ca\/fr\/wp-json\/wp\/v2\/types\/page"}],"author":[{"embeddable":true,"href":"https:\/\/gesyco.ca\/fr\/wp-json\/wp\/v2\/users\/1"}],"replies":[{"embeddable":true,"href":"https:\/\/gesyco.ca\/fr\/wp-json\/wp\/v2\/comments?post=6606"}],"version-history":[{"count":13,"href":"https:\/\/gesyco.ca\/fr\/wp-json\/wp\/v2\/pages\/6606\/revisions"}],"predecessor-version":[{"id":6619,"href":"https:\/\/gesyco.ca\/fr\/wp-json\/wp\/v2\/pages\/6606\/revisions\/6619"}],"wp:attachment":[{"href":"https:\/\/gesyco.ca\/fr\/wp-json\/wp\/v2\/media?parent=6606"}],"curies":[{"name":"wp","href":"https:\/\/api.w.org\/{rel}","templated":true}]}}